{"id":14,"date":"2017-02-27T16:09:14","date_gmt":"2017-02-27T15:09:14","guid":{"rendered":"http:\/\/psychologie-proeller.at\/?page_id=14"},"modified":"2026-01-25T11:29:40","modified_gmt":"2026-01-25T10:29:40","slug":"leistungen-allgemein","status":"publish","type":"page","link":"https:\/\/www.psychologie-proeller.at\/?page_id=14","title":{"rendered":"Leistungen allgemein"},"content":{"rendered":"<p><strong>Leistungsspektrum<\/strong><\/p>\n<p>In der freien Praxis arbeite ich sowohl mit\u00a0<strong>Kindern, Jugendlichen<\/strong>\u00a0als auch\u00a0<strong>Erwachsenen<\/strong>.\u00a0Jede psychologische bzw. psychotherapeutische Arbeit schlie\u00dft eine ausf\u00fchrliche Anamnese und psychologische Diagnostik mit ein.<\/p>\n<p>Ich biete sowohl <strong>klinisch psychologische Diagnostik, Beratung<\/strong> und <strong>Behandlung<\/strong> an als auch <strong>Psychotherapie<\/strong> (Fachrichtung Verhaltenstherapie sowie Psychotraumatologische \u00a0Interventionen inklusive EMDR-Behandlungen).<\/p>\n<p><strong>Ziel meiner T\u00e4tigkeit<\/strong><\/p>\n<ul>\n<li>durch die Anwendung wissenschaftlich-psychologischer Methoden <strong>psychische Krankheiten<\/strong> zu <strong>vermeiden<\/strong>, <strong>Leidenszust\u00e4nde<\/strong> zu <strong>lindern<\/strong> oder zu <strong>beseitigen<\/strong>.<\/li>\n<li>Dabei ist es mir ein gro\u00dfes Anliegen, kranke Menschen dabei zu unterst\u00fctzen, dass diese ihre <strong>Krankheit besser bew\u00e4ltigen<\/strong> k\u00f6nnen.<\/li>\n<li>Verhaltenstherapie soll\u00a0<strong>&#8222;Hilfe zur Selbsthilfe&#8220;<\/strong>sein, d.h. es geht im Rahmen der Therapie darum, den Hilfesuchenden darin zu unterst\u00fctzen, Fertigkeiten und <strong>Probleml\u00f6sef\u00e4higkeiten<\/strong> zu <strong>entwickeln<\/strong>, damit\u00a0<strong>k\u00fcnftig<\/strong>\u00a0Problemsituationen <strong>selbst\u00e4ndig gel\u00f6st<\/strong> werden k\u00f6nnen.<\/li>\n<li>Ferner wird versucht, durch die psychologische Arbeit zur <strong>Gesundheitsf\u00f6rderung beizutragen<\/strong> und durch gezielte Beratung <strong>gesundheitsf\u00f6rderndes Verhalten<\/strong> bei Personen zu <strong>st\u00e4rken<\/strong>.<\/li>\n<\/ul>\n","protected":false},"excerpt":{"rendered":"<p>Leistungsspektrum In der freien Praxis arbeite ich sowohl mit\u00a0Kindern, Jugendlichen\u00a0als auch\u00a0Erwachsenen.\u00a0Jede psychologische bzw. psychotherapeutische Arbeit schlie\u00dft eine ausf\u00fchrliche Anamnese und psychologische Diagnostik mit ein. Ich biete sowohl klinisch psychologische Diagnostik, Beratung und Behandlung an als auch Psychotherapie (Fachrichtung Verhaltenstherapie sowie Psychotraumatologische \u00a0Interventionen inklusive EMDR-Behandlungen). Ziel meiner T\u00e4tigkeit durch die Anwendung wissenschaftlich-psychologischer Methoden psychische Krankheiten zu &hellip; <\/p>\n<p class=\"link-more\"><a href=\"https:\/\/www.psychologie-proeller.at\/?page_id=14\" class=\"more-link\"><span class=\"screen-reader-text\">\u201eLeistungen allgemein\u201c <\/span>weiterlesen<\/a><\/p>\n","protected":false},"author":4,"featured_media":0,"parent":0,"menu_order":0,"comment_status":"closed","ping_status":"closed","template":"","meta":{"footnotes":""},"_links":{"self":[{"href":"https:\/\/www.psychologie-proeller.at\/index.php?rest_route=\/wp\/v2\/pages\/14"}],"collection":[{"href":"https:\/\/www.psychologie-proeller.at\/index.php?rest_route=\/wp\/v2\/pages"}],"about":[{"href":"https:\/\/www.psychologie-proeller.at\/index.php?rest_route=\/wp\/v2\/types\/page"}],"author":[{"embeddable":true,"href":"https:\/\/www.psychologie-proeller.at\/index.php?rest_route=\/wp\/v2\/users\/4"}],"replies":[{"embeddable":true,"href":"https:\/\/www.psychologie-proeller.at\/index.php?rest_route=%2Fwp%2Fv2%2Fcomments&post=14"}],"version-history":[{"count":8,"href":"https:\/\/www.psychologie-proeller.at\/index.php?rest_route=\/wp\/v2\/pages\/14\/revisions"}],"predecessor-version":[{"id":160,"href":"https:\/\/www.psychologie-proeller.at\/index.php?rest_route=\/wp\/v2\/pages\/14\/revisions\/160"}],"wp:attachment":[{"href":"https:\/\/www.psychologie-proeller.at\/index.php?rest_route=%2Fwp%2Fv2%2Fmedia&parent=14"}],"curies":[{"name":"wp","href":"https:\/\/api.w.org\/{rel}","templated":true}]}}