{"id":16,"date":"2017-02-27T16:09:41","date_gmt":"2017-02-27T15:09:41","guid":{"rendered":"http:\/\/psychologie-proeller.at\/?page_id=16"},"modified":"2026-01-25T11:59:18","modified_gmt":"2026-01-25T10:59:18","slug":"leistungen-kinderjugendliche","status":"publish","type":"page","link":"https:\/\/www.psychologie-proeller.at\/?page_id=16","title":{"rendered":"Leistungen Kinder\/Jugendliche"},"content":{"rendered":"<p><strong>Schwerpunkte in der Arbeit mit Kindern\u00a0und Jugendlichen<\/strong>:<\/p>\n<p><span style=\"color: #ff0000;\">ACHTUNG: dzt. keine freien Pl\u00e4tze!<\/span><\/p>\n<p>Psychologische\/psychotherapeutische Betreuung bei\/nach:<\/p>\n<ul>\n<li><strong>\u00dcbergewicht <\/strong>und\u00a0<strong>Adipositas\u00a0<\/strong>sowie bei\u00a0<strong>Binge Eating Disorder\u00a0<\/strong>(bei j\u00fcngeren Kindern ausschlie\u00dflich Elternberatung)<\/li>\n<li><strong>chronischer Erkrankung\u00a0<\/strong>(Krebserkrankungen, Mb. Crohn, Colitis ulcerosa, Diabetes \u2026)<\/li>\n<li><strong>traumatischen Ereignissen\/Erlebnissen <\/strong>(Unfall, Gewalt usw.)<\/li>\n<li><strong>Trennungs- oder Scheidungsf\u00e4llen<\/strong><\/li>\n<li><strong>kindlichen \u00c4ngsten, Pr\u00fcfungs\u00e4ngsten, Panikst\u00f6rungen\u00a0<\/strong>und <strong>Zw\u00e4ngen<\/strong><\/li>\n<li><strong>Hyperaktivit\u00e4t <\/strong>und\u00a0<strong>Aufmerksamkeitsst\u00f6rungen<\/strong><\/li>\n<li><strong>Mobbing\/Bullying\u00a0<\/strong>in der Schule oder im Lehrberuf<\/li>\n<li><strong>Problemen in der Pubert\u00e4t <\/strong>oder beim<strong>\u00a0Eintritt ins Arbeitsleben<\/strong><\/li>\n<li><strong>Einn\u00e4ssen <\/strong>und\u00a0<strong>Einkoten<\/strong>\u00a0(Enkopresis, Enuresis)<\/li>\n<li>unklaren chronischen\u00a0<strong>Schmerzen <\/strong>(Kopf,- Bauch-, Magenschmerzen \u2026)<\/li>\n<\/ul>\n<p>Dar\u00fcber hinaus:<\/p>\n<ul>\n<li>Psychologische Beratung und Betreuung bei\u00a0<strong>Neurodermitis<\/strong><\/li>\n<li><strong>Krisenintervention <\/strong>(nach Todesfall, Krisen in der Pubert\u00e4t&#8230;)<\/li>\n<\/ul>\n<p>-&gt; Die Arbeit mit Kindern schlie\u00dft eine\u00a0<strong>aktive Elternarbeit<\/strong>\u00a0mit ein.<\/p>\n","protected":false},"excerpt":{"rendered":"<p>Schwerpunkte in der Arbeit mit Kindern\u00a0und Jugendlichen: ACHTUNG: dzt. keine freien Pl\u00e4tze! Psychologische\/psychotherapeutische Betreuung bei\/nach: \u00dcbergewicht und\u00a0Adipositas\u00a0sowie bei\u00a0Binge Eating Disorder\u00a0(bei j\u00fcngeren Kindern ausschlie\u00dflich Elternberatung) chronischer Erkrankung\u00a0(Krebserkrankungen, Mb. Crohn, Colitis ulcerosa, Diabetes \u2026) traumatischen Ereignissen\/Erlebnissen (Unfall, Gewalt usw.) Trennungs- oder Scheidungsf\u00e4llen kindlichen \u00c4ngsten, Pr\u00fcfungs\u00e4ngsten, Panikst\u00f6rungen\u00a0und Zw\u00e4ngen Hyperaktivit\u00e4t und\u00a0Aufmerksamkeitsst\u00f6rungen Mobbing\/Bullying\u00a0in der Schule oder im Lehrberuf Problemen in &hellip; <\/p>\n<p class=\"link-more\"><a href=\"https:\/\/www.psychologie-proeller.at\/?page_id=16\" class=\"more-link\"><span class=\"screen-reader-text\">\u201eLeistungen Kinder\/Jugendliche\u201c <\/span>weiterlesen<\/a><\/p>\n","protected":false},"author":4,"featured_media":0,"parent":0,"menu_order":0,"comment_status":"closed","ping_status":"closed","template":"","meta":{"footnotes":""},"_links":{"self":[{"href":"https:\/\/www.psychologie-proeller.at\/index.php?rest_route=\/wp\/v2\/pages\/16"}],"collection":[{"href":"https:\/\/www.psychologie-proeller.at\/index.php?rest_route=\/wp\/v2\/pages"}],"about":[{"href":"https:\/\/www.psychologie-proeller.at\/index.php?rest_route=\/wp\/v2\/types\/page"}],"author":[{"embeddable":true,"href":"https:\/\/www.psychologie-proeller.at\/index.php?rest_route=\/wp\/v2\/users\/4"}],"replies":[{"embeddable":true,"href":"https:\/\/www.psychologie-proeller.at\/index.php?rest_route=%2Fwp%2Fv2%2Fcomments&post=16"}],"version-history":[{"count":3,"href":"https:\/\/www.psychologie-proeller.at\/index.php?rest_route=\/wp\/v2\/pages\/16\/revisions"}],"predecessor-version":[{"id":164,"href":"https:\/\/www.psychologie-proeller.at\/index.php?rest_route=\/wp\/v2\/pages\/16\/revisions\/164"}],"wp:attachment":[{"href":"https:\/\/www.psychologie-proeller.at\/index.php?rest_route=%2Fwp%2Fv2%2Fmedia&parent=16"}],"curies":[{"name":"wp","href":"https:\/\/api.w.org\/{rel}","templated":true}]}}