{"id":29,"date":"2017-02-27T16:12:38","date_gmt":"2017-02-27T15:12:38","guid":{"rendered":"http:\/\/psychologie-proeller.at\/?page_id=29"},"modified":"2026-01-25T12:25:28","modified_gmt":"2026-01-25T11:25:28","slug":"wahltherapeut","status":"publish","type":"page","link":"https:\/\/www.psychologie-proeller.at\/?page_id=29","title":{"rendered":"Wahltherapeut"},"content":{"rendered":"<p><strong>Was ist ein Wahltherapeut<\/strong><\/p>\n<p>Bei Wahltherapeuten bezahlt der Patient\/Klient die Leistung\u00a0<strong>direkt vor Ort<\/strong>\u00a0und erh\u00e4lt nach\u00a0<strong>Einreichen der Honorarnote bei der Krankenkasse die Kosten anteilsm\u00e4\u00dfig r\u00fcckerstattet<\/strong>. Die H\u00f6he der R\u00fcckerstattung ist von Krankenkasse zu Krankenkasse verschieden. Die O\u00d6 Gebietskrankenkasse leistet z.B. derzeit einen Zuschuss von 33,70 Euro pro Einheit. Detaillierte Informationen hinsichtlich Refundierung erhalten Sie u.a. im Erstgespr\u00e4ch.<\/p>\n<p><strong>Terminabsagen<\/strong><\/p>\n<p>Sollten Sie einen\u00a0<strong>vereinbarten Termin nicht einhalten<\/strong>\u00a0k\u00f6nnen,\u00a0ersuche ich um rechtzeitige\u00a0<strong>Verst\u00e4ndigung bis 24 Stunden vor Terminbeginn<\/strong>, andernfalls m\u00fcsste ich Ihnen die Therapieeinheit zur G\u00e4nze in Rechnung stellen.<\/p>\n<p><strong>Bezahlung<\/strong><\/p>\n<p>Termine sind\u00a0<strong>sofort\u00a0<\/strong>nach jeder Therapieeinheit<strong>\u00a0in bar<\/strong>\u00a0zu begleichen.<\/p>\n<p><em>\u00a0<\/em><\/p>\n","protected":false},"excerpt":{"rendered":"<p>Was ist ein Wahltherapeut Bei Wahltherapeuten bezahlt der Patient\/Klient die Leistung\u00a0direkt vor Ort\u00a0und erh\u00e4lt nach\u00a0Einreichen der Honorarnote bei der Krankenkasse die Kosten anteilsm\u00e4\u00dfig r\u00fcckerstattet. Die H\u00f6he der R\u00fcckerstattung ist von Krankenkasse zu Krankenkasse verschieden. Die O\u00d6 Gebietskrankenkasse leistet z.B. derzeit einen Zuschuss von 33,70 Euro pro Einheit. Detaillierte Informationen hinsichtlich Refundierung erhalten Sie u.a. im &hellip; <\/p>\n<p class=\"link-more\"><a href=\"https:\/\/www.psychologie-proeller.at\/?page_id=29\" class=\"more-link\"><span class=\"screen-reader-text\">\u201eWahltherapeut\u201c <\/span>weiterlesen<\/a><\/p>\n","protected":false},"author":4,"featured_media":0,"parent":0,"menu_order":0,"comment_status":"closed","ping_status":"closed","template":"","meta":{"footnotes":""},"_links":{"self":[{"href":"https:\/\/www.psychologie-proeller.at\/index.php?rest_route=\/wp\/v2\/pages\/29"}],"collection":[{"href":"https:\/\/www.psychologie-proeller.at\/index.php?rest_route=\/wp\/v2\/pages"}],"about":[{"href":"https:\/\/www.psychologie-proeller.at\/index.php?rest_route=\/wp\/v2\/types\/page"}],"author":[{"embeddable":true,"href":"https:\/\/www.psychologie-proeller.at\/index.php?rest_route=\/wp\/v2\/users\/4"}],"replies":[{"embeddable":true,"href":"https:\/\/www.psychologie-proeller.at\/index.php?rest_route=%2Fwp%2Fv2%2Fcomments&post=29"}],"version-history":[{"count":4,"href":"https:\/\/www.psychologie-proeller.at\/index.php?rest_route=\/wp\/v2\/pages\/29\/revisions"}],"predecessor-version":[{"id":170,"href":"https:\/\/www.psychologie-proeller.at\/index.php?rest_route=\/wp\/v2\/pages\/29\/revisions\/170"}],"wp:attachment":[{"href":"https:\/\/www.psychologie-proeller.at\/index.php?rest_route=%2Fwp%2Fv2%2Fmedia&parent=29"}],"curies":[{"name":"wp","href":"https:\/\/api.w.org\/{rel}","templated":true}]}}