{"id":31,"date":"2017-02-27T16:13:00","date_gmt":"2017-02-27T15:13:00","guid":{"rendered":"http:\/\/psychologie-proeller.at\/?page_id=31"},"modified":"2026-01-25T12:03:35","modified_gmt":"2026-01-25T11:03:35","slug":"was-ist-eigentlich","status":"publish","type":"page","link":"https:\/\/www.psychologie-proeller.at\/?page_id=31","title":{"rendered":"Was ist eigentlich&#8230;..?"},"content":{"rendered":"<p><strong>Verhaltenstherapie<\/strong><\/p>\n<p>Verhaltenstherapie ist eine\u00a0<strong>eigenst\u00e4ndige therapeutische Methode<\/strong>, diese\u00a0 beschreibt eine sehr\u00a0<strong>breite psychotherapeutische Orientierung<\/strong>\u00a0(umfasst lerntheoretische und kognitve Ans\u00e4tze, Emotionstheorien, Sozialpsychologische Konzepte, Kommunikationstheorien, Handlungstheorie, Systemtheorien, Psychophysiologie, Stressmodelle und Selbstregulationskonzepte) und ist eine sehr gut\u00a0<strong>wissenschaftlich abgesicherte<\/strong>\u00a0Therapiemethode.<\/p>\n<ul>\n<li>Ziel der Verhaltenstherapie ist der\u00a0<strong>Erwerb von Selbstkontroll-<\/strong>und\u00a0<strong>Selbstregulationsfertigkeiten<\/strong>, wodurch es zu einer\u00a0<strong>gr\u00f6\u00dfereren Autonomie<\/strong>\u00a0des Klienten kommt (Erh\u00f6hung von Eigenverantwortung und Selbst\u00e4ndigkeit).<\/li>\n<li>Insbesondere der\u00a0<strong>Auf- und Ausbau von F\u00e4higkeiten und Fertigkeiten <\/strong>zwischen\u00a0den Therapiesitzungen (durch Aufgaben und \u00dcbungen) hilft dem Klienten seine zu Beginn der Therapie ge\u00e4u\u00dferten Probleme zunehmend besser selbst\u00e4ndig zu l\u00f6sen.<\/li>\n<li>Wichtig in der Therapie ist eine\u00a0<strong>aktive Teilnahme der Personen <\/strong>sowie vor allem das\u00a0<strong>Erproben<\/strong>\u00a0und die Durchf\u00fchrung der erlernten Fertigkeiten<strong>\u00a0in der realen\u00a0Lebenssituation.<\/strong><\/li>\n<\/ul>\n<p><strong>EMDR (Eye Movement Desensitization and Reprocessing)<\/strong><\/p>\n<p>Ein von Francine Shapiro PhD. \u00a0entwickeltes, hochwirksames, wissenschaftlich\u00a0anerkanntes Verfahren zur Behandlung eines Psychischen Traumas.<\/p>\n<p><strong>Traumatherapie<\/strong><\/p>\n<p>Traumatherapie ist ein spezialisierter psychotherapeutischer Ansatz, der darauf abzielt, Menschen zu helfen, die unter den Folgen von traumatischen Erlebnissen leiden. Diese Therapieform wird h\u00e4ufig bei Personen eingesetzt, die an posttraumatischer Belastungsst\u00f6rung (PTBS), Angstzust\u00e4nden, Depressionen oder anderen psychischen St\u00f6rungen leiden, die durch traumatische Erfahrungen ausgel\u00f6st wurden.<\/p>\n","protected":false},"excerpt":{"rendered":"<p>Verhaltenstherapie Verhaltenstherapie ist eine\u00a0eigenst\u00e4ndige therapeutische Methode, diese\u00a0 beschreibt eine sehr\u00a0breite psychotherapeutische Orientierung\u00a0(umfasst lerntheoretische und kognitve Ans\u00e4tze, Emotionstheorien, Sozialpsychologische Konzepte, Kommunikationstheorien, Handlungstheorie, Systemtheorien, Psychophysiologie, Stressmodelle und Selbstregulationskonzepte) und ist eine sehr gut\u00a0wissenschaftlich abgesicherte\u00a0Therapiemethode. Ziel der Verhaltenstherapie ist der\u00a0Erwerb von Selbstkontroll-und\u00a0Selbstregulationsfertigkeiten, wodurch es zu einer\u00a0gr\u00f6\u00dfereren Autonomie\u00a0des Klienten kommt (Erh\u00f6hung von Eigenverantwortung und Selbst\u00e4ndigkeit). Insbesondere der\u00a0Auf- und Ausbau &hellip; <\/p>\n<p class=\"link-more\"><a href=\"https:\/\/www.psychologie-proeller.at\/?page_id=31\" class=\"more-link\"><span class=\"screen-reader-text\">\u201eWas ist eigentlich&#8230;..?\u201c <\/span>weiterlesen<\/a><\/p>\n","protected":false},"author":4,"featured_media":0,"parent":0,"menu_order":0,"comment_status":"closed","ping_status":"closed","template":"","meta":{"footnotes":""},"_links":{"self":[{"href":"https:\/\/www.psychologie-proeller.at\/index.php?rest_route=\/wp\/v2\/pages\/31"}],"collection":[{"href":"https:\/\/www.psychologie-proeller.at\/index.php?rest_route=\/wp\/v2\/pages"}],"about":[{"href":"https:\/\/www.psychologie-proeller.at\/index.php?rest_route=\/wp\/v2\/types\/page"}],"author":[{"embeddable":true,"href":"https:\/\/www.psychologie-proeller.at\/index.php?rest_route=\/wp\/v2\/users\/4"}],"replies":[{"embeddable":true,"href":"https:\/\/www.psychologie-proeller.at\/index.php?rest_route=%2Fwp%2Fv2%2Fcomments&post=31"}],"version-history":[{"count":5,"href":"https:\/\/www.psychologie-proeller.at\/index.php?rest_route=\/wp\/v2\/pages\/31\/revisions"}],"predecessor-version":[{"id":166,"href":"https:\/\/www.psychologie-proeller.at\/index.php?rest_route=\/wp\/v2\/pages\/31\/revisions\/166"}],"wp:attachment":[{"href":"https:\/\/www.psychologie-proeller.at\/index.php?rest_route=%2Fwp%2Fv2%2Fmedia&parent=31"}],"curies":[{"name":"wp","href":"https:\/\/api.w.org\/{rel}","templated":true}]}}