{"id":33,"date":"2017-02-27T16:13:26","date_gmt":"2017-02-27T15:13:26","guid":{"rendered":"http:\/\/psychologie-proeller.at\/?page_id=33"},"modified":"2022-12-22T14:12:37","modified_gmt":"2022-12-22T13:12:37","slug":"impressum","status":"publish","type":"page","link":"https:\/\/www.psychologie-proeller.at\/?page_id=33","title":{"rendered":"Impressum"},"content":{"rendered":"<p style=\"text-align: center;\"><strong>Praxis f\u00fcr Psychologie &amp; Psychotherapie<\/strong><\/p>\n<p style=\"text-align: center;\"><strong>Mag. Martina Pr\u00f6ller<\/strong><\/p>\n<p><strong>Berufsbezeichnung:<\/strong> Klinische Psychologin, Gesundheitspsychologin, Psychotherapeutin und zertifizierte EMDR-Therapeutin<\/p>\n<p>Mitglied der Arbeitsgemeinschaft f\u00fcr Verhaltensmodifikation \u00d6sterreich (AVM) Salzburg<\/p>\n<p>Wahltherapeutin<\/p>\n<p>Bergerweg 51<br \/>\n4941 Mehrnbach<br \/>\nMobil\u00a0(+43) 0664 9518018<\/p>\n<p><strong>Berufsordnung:<\/strong> Bundesministerium f\u00fcr Gesundheit und Soziales\/ Psychotherapie- und Psychologengesetz<\/p>\n<p>(Datenschutzkommission &#8211; Datenschutzregister &#8211; \u00d6sterreich)<\/p>\n<p><strong>DVR-Nr.:<\/strong> 4004741<\/p>\n<p><strong>Haftungsausschluss:<\/strong> F\u00fcr Form und Inhalte der verlinkten Seiten wird von mir keinerlei Haftung \u00fcbernommen, <strong>f\u00fcr die verlinkten Seiten<\/strong> sind <strong>ausschlie\u00dflich deren Betreiber verantwortlich<\/strong>.<\/p>\n<p>Die Texte auf dieser Website wurden sorgf\u00e4ltig gepr\u00fcft. Dessen ungeachtet kann <strong>keine Garantie<\/strong> f\u00fcr Richtigkeit, Vollst\u00e4ndigkeit und Aktualit\u00e4t der Angaben \u00fcbernommen werden.\u00a0Grafiken und Bilder sind urheberrechtlich gesch\u00fctzt.<\/p>\n<p><strong>Webdesign\/Entwicklung:<\/strong> WordPress<\/p>\n","protected":false},"excerpt":{"rendered":"<p>Praxis f\u00fcr Psychologie &amp; Psychotherapie Mag. Martina Pr\u00f6ller Berufsbezeichnung: Klinische Psychologin, Gesundheitspsychologin, Psychotherapeutin und zertifizierte EMDR-Therapeutin Mitglied der Arbeitsgemeinschaft f\u00fcr Verhaltensmodifikation \u00d6sterreich (AVM) Salzburg Wahltherapeutin Bergerweg 51 4941 Mehrnbach Mobil\u00a0(+43) 0664 9518018 Berufsordnung: Bundesministerium f\u00fcr Gesundheit und Soziales\/ Psychotherapie- und Psychologengesetz (Datenschutzkommission &#8211; Datenschutzregister &#8211; \u00d6sterreich) DVR-Nr.: 4004741 Haftungsausschluss: F\u00fcr Form und Inhalte der verlinkten &hellip; <\/p>\n<p class=\"link-more\"><a href=\"https:\/\/www.psychologie-proeller.at\/?page_id=33\" class=\"more-link\"><span class=\"screen-reader-text\">\u201eImpressum\u201c <\/span>weiterlesen<\/a><\/p>\n","protected":false},"author":4,"featured_media":0,"parent":0,"menu_order":0,"comment_status":"closed","ping_status":"closed","template":"","meta":{"footnotes":""},"_links":{"self":[{"href":"https:\/\/www.psychologie-proeller.at\/index.php?rest_route=\/wp\/v2\/pages\/33"}],"collection":[{"href":"https:\/\/www.psychologie-proeller.at\/index.php?rest_route=\/wp\/v2\/pages"}],"about":[{"href":"https:\/\/www.psychologie-proeller.at\/index.php?rest_route=\/wp\/v2\/types\/page"}],"author":[{"embeddable":true,"href":"https:\/\/www.psychologie-proeller.at\/index.php?rest_route=\/wp\/v2\/users\/4"}],"replies":[{"embeddable":true,"href":"https:\/\/www.psychologie-proeller.at\/index.php?rest_route=%2Fwp%2Fv2%2Fcomments&post=33"}],"version-history":[{"count":6,"href":"https:\/\/www.psychologie-proeller.at\/index.php?rest_route=\/wp\/v2\/pages\/33\/revisions"}],"predecessor-version":[{"id":155,"href":"https:\/\/www.psychologie-proeller.at\/index.php?rest_route=\/wp\/v2\/pages\/33\/revisions\/155"}],"wp:attachment":[{"href":"https:\/\/www.psychologie-proeller.at\/index.php?rest_route=%2Fwp%2Fv2%2Fmedia&parent=33"}],"curies":[{"name":"wp","href":"https:\/\/api.w.org\/{rel}","templated":true}]}}