{"id":35,"date":"2017-02-27T16:14:00","date_gmt":"2017-02-27T15:14:00","guid":{"rendered":"http:\/\/psychologie-proeller.at\/?page_id=35"},"modified":"2026-01-25T12:18:37","modified_gmt":"2026-01-25T11:18:37","slug":"links","status":"publish","type":"page","link":"https:\/\/www.psychologie-proeller.at\/?page_id=35","title":{"rendered":"Links"},"content":{"rendered":"<p><u><a href=\"http:\/\/www.verhaltenstherapie.at\/\">Arbeitsgemeinschaft f\u00fcr Verhaltensmodifikation \u00d6sterreich (AVM)<\/a><\/u><\/p>\n<p><u><a href=\"http:\/\/www.emdr-institut.at\/\">EMDR Institut Austria<\/a><\/u><\/p>\n<p><u><a href=\"http:\/\/www.zap-wien.at\/\">Zentrum f\u00fcr Angewandte Psychotraumatologie Wien<\/a><\/u><\/p>\n<p><u><a href=\"http:\/\/www.boep.or.at\/\">Berufsverband \u00d6sterreichischer Psychologen (B\u00d6P)<\/a><\/u><\/p>\n<p><u><a href=\"http:\/\/www.klinikum-wegr.at\/common\/klinikum_wegr\/index.htm\">Klinikum Wels<\/a><\/u><\/p>\n<p><u><a href=\"http:\/\/www.lsr-ooe.gv.at\/schulpsychologie\/default.htm\">Schulpsychologie Ober\u00f6sterreich<\/a><\/u><\/p>\n<p><u><a href=\"http:\/\/www.pmooe.at\/\">Pro mente Ober\u00f6sterreich<\/a><\/u><\/p>\n<p><u><a href=\"http:\/\/www.psyonline.at\/\">Internet Portal f\u00fcr Psychotherapie<\/a><\/u><\/p>\n<p><u><a href=\"http:\/\/www.psychologen.at\/\">Internet Portal f\u00fcr Psychologie<\/a><\/u><\/p>\n<p><u><a href=\"http:\/\/www.psychologie.at\/\">Informationen \u00fcber psychologische Deinstleistungen T\u00e4tigkeiten und Produkte<\/a><\/u><\/p>\n<p><u><a href=\"http:\/\/www.besthelp.at\/\">Besthelp<\/a><\/u><\/p>\n","protected":false},"excerpt":{"rendered":"<p>Arbeitsgemeinschaft f\u00fcr Verhaltensmodifikation \u00d6sterreich (AVM) EMDR Institut Austria Zentrum f\u00fcr Angewandte Psychotraumatologie Wien Berufsverband \u00d6sterreichischer Psychologen (B\u00d6P) Klinikum Wels Schulpsychologie Ober\u00f6sterreich Pro mente Ober\u00f6sterreich Internet Portal f\u00fcr Psychotherapie Internet Portal f\u00fcr Psychologie Informationen \u00fcber psychologische Deinstleistungen T\u00e4tigkeiten und Produkte Besthelp<\/p>\n","protected":false},"author":4,"featured_media":0,"parent":0,"menu_order":0,"comment_status":"closed","ping_status":"closed","template":"","meta":{"footnotes":""},"_links":{"self":[{"href":"https:\/\/www.psychologie-proeller.at\/index.php?rest_route=\/wp\/v2\/pages\/35"}],"collection":[{"href":"https:\/\/www.psychologie-proeller.at\/index.php?rest_route=\/wp\/v2\/pages"}],"about":[{"href":"https:\/\/www.psychologie-proeller.at\/index.php?rest_route=\/wp\/v2\/types\/page"}],"author":[{"embeddable":true,"href":"https:\/\/www.psychologie-proeller.at\/index.php?rest_route=\/wp\/v2\/users\/4"}],"replies":[{"embeddable":true,"href":"https:\/\/www.psychologie-proeller.at\/index.php?rest_route=%2Fwp%2Fv2%2Fcomments&post=35"}],"version-history":[{"count":2,"href":"https:\/\/www.psychologie-proeller.at\/index.php?rest_route=\/wp\/v2\/pages\/35\/revisions"}],"predecessor-version":[{"id":169,"href":"https:\/\/www.psychologie-proeller.at\/index.php?rest_route=\/wp\/v2\/pages\/35\/revisions\/169"}],"wp:attachment":[{"href":"https:\/\/www.psychologie-proeller.at\/index.php?rest_route=%2Fwp%2Fv2%2Fmedia&parent=35"}],"curies":[{"name":"wp","href":"https:\/\/api.w.org\/{rel}","templated":true}]}}