{"id":8,"date":"2017-02-27T16:06:39","date_gmt":"2017-02-27T15:06:39","guid":{"rendered":"http:\/\/psychologie-proeller.at\/?page_id=8"},"modified":"2017-03-06T09:41:42","modified_gmt":"2017-03-06T08:41:42","slug":"startseite","status":"publish","type":"page","link":"https:\/\/www.psychologie-proeller.at\/","title":{"rendered":"Willkommen"},"content":{"rendered":"<p style=\"text-align: center;\"><strong><em><img loading=\"lazy\" decoding=\"async\" class=\"size-medium wp-image-132 alignleft\" src=\"https:\/\/www.psychologie-proeller.at\/wp-content\/uploads\/2017\/02\/martina-1-218x300.jpg\" alt=\"\" width=\"218\" height=\"300\" srcset=\"https:\/\/www.psychologie-proeller.at\/wp-content\/uploads\/2017\/02\/martina-1-218x300.jpg 218w, https:\/\/www.psychologie-proeller.at\/wp-content\/uploads\/2017\/02\/martina-1.jpg 607w\" sizes=\"(max-width: 218px) 100vw, 218px\" \/><\/em><\/strong><em>Willkommen in der Praxis f\u00fcr <\/em><\/p>\n<p style=\"text-align: center;\"><em>Psychologie &amp; Psychotherapie <\/em><\/p>\n<p style=\"text-align: center;\"><em>von\u00a0 Mag. Martina Pr\u00f6ller<\/em><\/p>\n<p>&nbsp;<\/p>\n<p>&nbsp;<\/p>\n<p>&nbsp;<\/p>\n<p>&nbsp;<\/p>\n<p><strong>Terminvereinbarungen telefonisch<\/strong> unter <strong>+43 (0)664 9518018<\/strong><\/p>\n<p>Falls Sie mich nicht pers\u00f6nlich erreichen, bitte hinterlassen Sie Namen und Telefonnummer, ich werde Sie so rasch wie m\u00f6glich zur\u00fcckrufen.<\/p>\n<p>&nbsp;<\/p>\n<p>&nbsp;<\/p>\n","protected":false},"excerpt":{"rendered":"<p>Willkommen in der Praxis f\u00fcr Psychologie &amp; Psychotherapie von\u00a0 Mag. Martina Pr\u00f6ller &nbsp; &nbsp; &nbsp; &nbsp; Terminvereinbarungen telefonisch unter +43 (0)664 9518018 Falls Sie mich nicht pers\u00f6nlich erreichen, bitte hinterlassen Sie Namen und Telefonnummer, ich werde Sie so rasch wie m\u00f6glich zur\u00fcckrufen. &nbsp; &nbsp;<\/p>\n","protected":false},"author":4,"featured_media":0,"parent":0,"menu_order":0,"comment_status":"closed","ping_status":"closed","template":"","meta":{"footnotes":""},"_links":{"self":[{"href":"https:\/\/www.psychologie-proeller.at\/index.php?rest_route=\/wp\/v2\/pages\/8"}],"collection":[{"href":"https:\/\/www.psychologie-proeller.at\/index.php?rest_route=\/wp\/v2\/pages"}],"about":[{"href":"https:\/\/www.psychologie-proeller.at\/index.php?rest_route=\/wp\/v2\/types\/page"}],"author":[{"embeddable":true,"href":"https:\/\/www.psychologie-proeller.at\/index.php?rest_route=\/wp\/v2\/users\/4"}],"replies":[{"embeddable":true,"href":"https:\/\/www.psychologie-proeller.at\/index.php?rest_route=%2Fwp%2Fv2%2Fcomments&post=8"}],"version-history":[{"count":12,"href":"https:\/\/www.psychologie-proeller.at\/index.php?rest_route=\/wp\/v2\/pages\/8\/revisions"}],"predecessor-version":[{"id":133,"href":"https:\/\/www.psychologie-proeller.at\/index.php?rest_route=\/wp\/v2\/pages\/8\/revisions\/133"}],"wp:attachment":[{"href":"https:\/\/www.psychologie-proeller.at\/index.php?rest_route=%2Fwp%2Fv2%2Fmedia&parent=8"}],"curies":[{"name":"wp","href":"https:\/\/api.w.org\/{rel}","templated":true}]}}