{"id":89,"date":"2017-02-28T20:40:26","date_gmt":"2017-02-28T19:40:26","guid":{"rendered":"http:\/\/www.psychologie-proeller.at\/?page_id=89"},"modified":"2022-12-22T14:11:30","modified_gmt":"2022-12-22T13:11:30","slug":"ausbildungen","status":"publish","type":"page","link":"https:\/\/www.psychologie-proeller.at\/?page_id=89","title":{"rendered":"Ausbildungen"},"content":{"rendered":"<p><strong>Ausbildungen<\/strong><\/p>\n<ul>\n<li>P\u00e4dagogische Hochschule der Di\u00f6zese Linz; Lehramt f\u00fcr Volksschulen (Dipl.P\u00e4d.)<\/li>\n<li>Universit\u00e4t Salzburg: Naturwissenschaftliche Fakult\u00e4t \u2013\u00a0<strong>Studium der Psychologie<\/strong>: Diplom der Naturwissenschaften (Mag.rer.nat.)<\/li>\n<li>Psychotherapeutisches Prop\u00e4deutikum an der Sozialakademie Salzburg<\/li>\n<li>Absolvierung des\u00a0Fachspezifikums zum\u00a0<strong>Klinischen- und Gesundheitspsychologen <\/strong>(Berufsverband \u00d6sterreichischer Psychologen)<\/li>\n<li><strong>Psychotherapieausbildung <\/strong>Fachrichtung\u00a0<strong>Verhaltenstherapie<\/strong>\u00a0(AVM Salzburg)<\/li>\n<li>Absolvierung\u00a0<strong>EMDR Level I<\/strong>\u00a0nach Francine Shapiro (PhD.)\u00a0am EMDR Institut\u00a0Austria (Mag. Eva M\u00fcnker-Kramer)<\/li>\n<li>Absolvierung\u00a0<strong>EMDR Level II <\/strong>nach Francine Shapiro (PhD.) am EMDR Institut Austria (Leitung: Mag. Eva M\u00fcnker-Kramer)<\/li>\n<li><strong>zertifizierte EMDR-Therapeutin<\/strong> (accredited EMDR Europe Practitioner)<\/li>\n<li>Weiterbildungen in\u00a0<strong>Traumapsychotherapie <\/strong>am Zentrum f\u00fcr Angewandte Psychotraumatologie Wien (Leitung: Dr. Silvia Wintersperger)<\/li>\n<\/ul>\n","protected":false},"excerpt":{"rendered":"<p>Ausbildungen P\u00e4dagogische Hochschule der Di\u00f6zese Linz; Lehramt f\u00fcr Volksschulen (Dipl.P\u00e4d.) Universit\u00e4t Salzburg: Naturwissenschaftliche Fakult\u00e4t \u2013\u00a0Studium der Psychologie: Diplom der Naturwissenschaften (Mag.rer.nat.) Psychotherapeutisches Prop\u00e4deutikum an der Sozialakademie Salzburg Absolvierung des\u00a0Fachspezifikums zum\u00a0Klinischen- und Gesundheitspsychologen (Berufsverband \u00d6sterreichischer Psychologen) Psychotherapieausbildung Fachrichtung\u00a0Verhaltenstherapie\u00a0(AVM Salzburg) Absolvierung\u00a0EMDR Level I\u00a0nach Francine Shapiro (PhD.)\u00a0am EMDR Institut\u00a0Austria (Mag. Eva M\u00fcnker-Kramer) Absolvierung\u00a0EMDR Level II nach Francine Shapiro &hellip; <\/p>\n<p class=\"link-more\"><a href=\"https:\/\/www.psychologie-proeller.at\/?page_id=89\" class=\"more-link\"><span class=\"screen-reader-text\">\u201eAusbildungen\u201c <\/span>weiterlesen<\/a><\/p>\n","protected":false},"author":2,"featured_media":0,"parent":0,"menu_order":0,"comment_status":"closed","ping_status":"closed","template":"","meta":{"footnotes":""},"_links":{"self":[{"href":"https:\/\/www.psychologie-proeller.at\/index.php?rest_route=\/wp\/v2\/pages\/89"}],"collection":[{"href":"https:\/\/www.psychologie-proeller.at\/index.php?rest_route=\/wp\/v2\/pages"}],"about":[{"href":"https:\/\/www.psychologie-proeller.at\/index.php?rest_route=\/wp\/v2\/types\/page"}],"author":[{"embeddable":true,"href":"https:\/\/www.psychologie-proeller.at\/index.php?rest_route=\/wp\/v2\/users\/2"}],"replies":[{"embeddable":true,"href":"https:\/\/www.psychologie-proeller.at\/index.php?rest_route=%2Fwp%2Fv2%2Fcomments&post=89"}],"version-history":[{"count":3,"href":"https:\/\/www.psychologie-proeller.at\/index.php?rest_route=\/wp\/v2\/pages\/89\/revisions"}],"predecessor-version":[{"id":154,"href":"https:\/\/www.psychologie-proeller.at\/index.php?rest_route=\/wp\/v2\/pages\/89\/revisions\/154"}],"wp:attachment":[{"href":"https:\/\/www.psychologie-proeller.at\/index.php?rest_route=%2Fwp%2Fv2%2Fmedia&parent=89"}],"curies":[{"name":"wp","href":"https:\/\/api.w.org\/{rel}","templated":true}]}}